{"id":67,"date":"2018-04-15T13:01:33","date_gmt":"2018-04-15T13:01:33","guid":{"rendered":"http:\/\/von-der-sangskath.de\/?page_id=67"},"modified":"2018-04-18T07:21:59","modified_gmt":"2018-04-18T07:21:59","slug":"links","status":"publish","type":"page","link":"https:\/\/von-der-sangskath.de\/?page_id=67","title":{"rendered":"Links"},"content":{"rendered":"<ul>\n<li><a href=\"https:\/\/www.foxterrier-verband.de\">Deutscher Foxterrier Verband (DFV)<\/a><\/li>\n<li><a href=\"http:\/\/www.jghv.de\">Jagdgebrauchshundeverband (JGHV)<\/a><\/li>\n<li><a href=\"http:\/\/www.langhaar-weimaraner.de\/\">Langhaar Weimaraner vom Alten Wildgatter<\/a><\/li>\n<li><a href=\"http:\/\/www.janson-labrador.de\">Foxterrier von der Kaninsteege<\/a><\/li>\n<\/ul>\n<p>Hinweis: Mit Urteil vom 12. Mai 1998 - 312 O 85\/98 -\"Haftung f\u00fcr Links\" hat das Landgericht in Hamburg entschieden, dass man durch die Anbringung eines Links, die Inhalte der gelinkten Seite ggf. mit zu verantworten hat. Dies kann - so das LG - nur dadurch verhindert werden, indem man sich ausdr\u00fccklich von diesen Inhalten distanziert.<\/p>\n<p><strong>F\u00fcr alle auf dieser Homepage angebrachten Links gilt:<\/strong><\/p>\n<p>Die Betreiber \u201evon der Sangskath\u201c haben keinerlei Einfluss auf die Gestaltung und die Inhalte der gelinkten Seiten, f\u00fcr den ausschlie\u00dflich der jeweilige Betreiber selbst verantwortlich ist. Zum Zeitpunkt der erstmaligen Verkn\u00fcpfung mit Webseiten Dritter waren keinerlei Rechtsverst\u00f6\u00dfe ersichtlich; eine st\u00e4ndige Kontrolle der Links ist jedoch f\u00fcr den Betreiber nicht zumutbar.<\/p>\n<p>Aus diesem Grund distanzieren wir, Ferdi van Stephaudt und Melanie Kemmerling, uns ausdr\u00fccklich von den gesamten Inhalten aller gelinkten Seiten inklusive aller Unterseiten. Diese Erkl\u00e4rung gilt f\u00fcr alle auf unserer Homepage angebrachten Links.<\/p>\n","protected":false},"excerpt":{"rendered":"<p>Deutscher Foxterrier Verband (DFV) Jagdgebrauchshundeverband (JGHV) Langhaar Weimaraner vom Alten Wildgatter Foxterrier von der Kaninsteege Hinweis: Mit Urteil vom 12. Mai 1998 - 312 O 85\/98 -\"Haftung f\u00fcr Links\" hat das Landgericht in Hamburg entschieden, dass man durch die Anbringung eines Links, die Inhalte der gelinkten Seite ggf. mit zu verantworten hat. Dies kann - <a href=\"https:\/\/von-der-sangskath.de\/?page_id=67\" class=\"more-link\">...weiterlesen<span class=\"screen-reader-text\"> \"Links\"<\/span><\/a><\/p>\n","protected":false},"author":1,"featured_media":0,"parent":0,"menu_order":0,"comment_status":"closed","ping_status":"closed","template":"","meta":[],"_links":{"self":[{"href":"https:\/\/von-der-sangskath.de\/index.php?rest_route=\/wp\/v2\/pages\/67"}],"collection":[{"href":"https:\/\/von-der-sangskath.de\/index.php?rest_route=\/wp\/v2\/pages"}],"about":[{"href":"https:\/\/von-der-sangskath.de\/index.php?rest_route=\/wp\/v2\/types\/page"}],"author":[{"embeddable":true,"href":"https:\/\/von-der-sangskath.de\/index.php?rest_route=\/wp\/v2\/users\/1"}],"replies":[{"embeddable":true,"href":"https:\/\/von-der-sangskath.de\/index.php?rest_route=%2Fwp%2Fv2%2Fcomments&post=67"}],"version-history":[{"count":4,"href":"https:\/\/von-der-sangskath.de\/index.php?rest_route=\/wp\/v2\/pages\/67\/revisions"}],"predecessor-version":[{"id":186,"href":"https:\/\/von-der-sangskath.de\/index.php?rest_route=\/wp\/v2\/pages\/67\/revisions\/186"}],"wp:attachment":[{"href":"https:\/\/von-der-sangskath.de\/index.php?rest_route=%2Fwp%2Fv2%2Fmedia&parent=67"}],"curies":[{"name":"wp","href":"https:\/\/api.w.org\/{rel}","templated":true}]}}