{"id":64,"date":"2018-04-15T13:01:33","date_gmt":"2018-04-15T13:01:33","guid":{"rendered":"http:\/\/von-der-sangskath.de\/?page_id=64"},"modified":"2018-04-18T07:26:35","modified_gmt":"2018-04-18T07:26:35","slug":"aufzucht-und-praegung","status":"publish","type":"page","link":"https:\/\/von-der-sangskath.de\/?page_id=64","title":{"rendered":"Aufzucht und Pr\u00e4gung"},"content":{"rendered":"<p>Die Bedeutung der Zucht liegt f\u00fcr uns in der gezielten Auswahl von zuchttauglichen Hunden mit dem Ziel, leistungsstarke, wesensfeste und gesunde Hunde f\u00fcr den Jagdgebrauch zu z\u00fcchten und stetig zu verbessern.<\/p>\n<p>Aus diesem Grund ist es uns wichtig, nur mit eben jenen Hunden zu z\u00fcchten, die unseren hohen Anspr\u00fcchen in der jagdlichen Leistung und im Wesen entsprechen. Dies bedeutet neben der Selektion unserer eigenen Hunde f\u00fcr die Zucht auch eine gezielte und durchdachte Auswahl eines geeigneten Deckr\u00fcden f\u00fcr unsere H\u00fcndin.<\/p>\n<p>Unsere W\u00fcrfe werden in den ersten Wochen\u00a0 im Haus aufgezogen.\u00a0Sobald die Welpen agiler werden, m\u00f6chten wir ihnen die M\u00f6glichkeit geben, ihrem Bewegungsdrang und ihrem Erkundungsverhalten ausreichend nachgeben zu k\u00f6nnen.\u00a0Daf\u00fcr bietet unser komplett eingez\u00e4untes, gro\u00dfes Grundst\u00fcck mit verschiedenen Untergr\u00fcnden (Rasen, Pflaster, Steine, Erde) ausreichend Platz. Durch immer neue Einfl\u00fcsse mit verschiedenen Spielzeugen, Tunnels etc. regen wir die Welpen zum Spielen an, f\u00f6rdern ihre motorische Entwicklung\u00a0und machen die Kleinen zus\u00e4tzlich mit den verschiedensten Situationen vertraut.<\/p>\n<p>Der st\u00e4ndige Kontakt mit Familienmitgliedern, Besuchern und vor allem Kindern ist uns dabei ebenso\u00a0wichtig wie das Kennenlernen von allt\u00e4glichen Situationen wie Autofahrten, den Begegnungen mit anderen Tieren sowie unterschiedlichen Ger\u00e4uschen. Ein sozialvertr\u00e4gliches und sicheres Wesen ist eine wichtige Grundlage f\u00fcr den Alltag.<\/p>\n<p>Aus jagdlicher Sicht machen wir unsere Welpen w\u00e4hrend der Aufzucht selbstverst\u00e4ndlich mit verschiedensten Wildarten vertraut. Beutespiele f\u00f6rdern zus\u00e4tzlich spielerisch das Zupacken und Festhalten des Wildes. Kurze Revierg\u00e4nge bereiten den kleinen Jagdhelfer optimal auf seinen sp\u00e4teren Einsatz vor.<\/p>\n<p>Die Ern\u00e4hrung ist ein weiterer wichtiger Bestandteil der Aufzucht. Neben einem hochwertigen Premium-Welpenfutter erhalten die Welpen auch Frischfleisch wie Kopffleisch, Pansen etc. F\u00fcr eine sp\u00e4tere m\u00f6gliche di\u00e4tische Ern\u00e4hrung machen wir die Kleinen bereits in der Aufzuchtphase\u00a0mit Quark, H\u00fcttenk\u00e4se, Joghurt, \u00c4pfeln, Bananen, Haferflocken, Tatar und Tee bekannt- so k\u00f6nnen Nahrungsumstellung sp\u00e4ter problemlos durchgef\u00fchrt werden.<\/p>\n<p>Kurzum, wir bem\u00fchen uns, f\u00fcr Sie aus unseren Welpen einen vierbeinigen Gef\u00e4hrten zu machen, der im Alltag wie auch bei der Jagd, den Belastungen gewachsen ist.<\/p>\n<p><img decoding=\"async\" loading=\"lazy\" class=\"size-medium wp-image-173 aligncenter\" src=\"https:\/\/von-der-sangskath.dewp-content\/uploads\/2018\/04\/IMG_5030-300x225.jpg\" alt=\"\" width=\"300\" height=\"225\" srcset=\"https:\/\/von-der-sangskath.de\/wp-content\/uploads\/2018\/04\/IMG_5030-300x225.jpg 300w, https:\/\/von-der-sangskath.de\/wp-content\/uploads\/2018\/04\/IMG_5030-768x576.jpg 768w, https:\/\/von-der-sangskath.de\/wp-content\/uploads\/2018\/04\/IMG_5030-1024x768.jpg 1024w, https:\/\/von-der-sangskath.de\/wp-content\/uploads\/2018\/04\/IMG_5030-960x720.jpg 960w\" sizes=\"(max-width: 300px) 100vw, 300px\" \/><\/p>\n","protected":false},"excerpt":{"rendered":"<p>Die Bedeutung der Zucht liegt f\u00fcr uns in der gezielten Auswahl von zuchttauglichen Hunden mit dem Ziel, leistungsstarke, wesensfeste und gesunde Hunde f\u00fcr den Jagdgebrauch zu z\u00fcchten und stetig zu verbessern. Aus diesem Grund ist es uns wichtig, nur mit eben jenen Hunden zu z\u00fcchten, die unseren hohen Anspr\u00fcchen in der jagdlichen Leistung und im <a href=\"https:\/\/von-der-sangskath.de\/?page_id=64\" class=\"more-link\">...weiterlesen<span class=\"screen-reader-text\"> \"Aufzucht und Pr\u00e4gung\"<\/span><\/a><\/p>\n","protected":false},"author":1,"featured_media":0,"parent":0,"menu_order":0,"comment_status":"closed","ping_status":"closed","template":"","meta":[],"_links":{"self":[{"href":"https:\/\/von-der-sangskath.de\/index.php?rest_route=\/wp\/v2\/pages\/64"}],"collection":[{"href":"https:\/\/von-der-sangskath.de\/index.php?rest_route=\/wp\/v2\/pages"}],"about":[{"href":"https:\/\/von-der-sangskath.de\/index.php?rest_route=\/wp\/v2\/types\/page"}],"author":[{"embeddable":true,"href":"https:\/\/von-der-sangskath.de\/index.php?rest_route=\/wp\/v2\/users\/1"}],"replies":[{"embeddable":true,"href":"https:\/\/von-der-sangskath.de\/index.php?rest_route=%2Fwp%2Fv2%2Fcomments&post=64"}],"version-history":[{"count":7,"href":"https:\/\/von-der-sangskath.de\/index.php?rest_route=\/wp\/v2\/pages\/64\/revisions"}],"predecessor-version":[{"id":187,"href":"https:\/\/von-der-sangskath.de\/index.php?rest_route=\/wp\/v2\/pages\/64\/revisions\/187"}],"wp:attachment":[{"href":"https:\/\/von-der-sangskath.de\/index.php?rest_route=%2Fwp%2Fv2%2Fmedia&parent=64"}],"curies":[{"name":"wp","href":"https:\/\/api.w.org\/{rel}","templated":true}]}}