{"id":63,"date":"2018-04-15T13:01:33","date_gmt":"2018-04-15T13:01:33","guid":{"rendered":"http:\/\/von-der-sangskath.de\/?page_id=63"},"modified":"2018-04-18T11:57:20","modified_gmt":"2018-04-18T11:57:20","slug":"philosophie","status":"publish","type":"page","link":"https:\/\/von-der-sangskath.de\/?page_id=63","title":{"rendered":"Philosophie"},"content":{"rendered":"<p>Terrier sind Jagdhunde, die eine neben einer k\u00f6rperlichen auch eine entsprechende geistige Auslastung ben\u00f6tigen.\u00a0Aus diesem Grund geben wir \u00fcblicherweise unsere Welpen nur an J\u00e4ger mit Jagdm\u00f6glichkeit ab, die auch bereit sind, den Hund auf jagdlichen Pr\u00fcfungen vorzustellen.<\/p>\n<p>F\u00fcr uns als Z\u00fcchter ist es immer von entscheidender Bedeutung zu wissen, wie sich unser Nachwuchs entwickelt hat. Es ist hilfreich, wenn Sie uns als Welpenk\u00e4ufer unterst\u00fctzten, unserem Zuchtziel eines leistungsstarken, wesensfesten und gesunden Jagdhundes n\u00e4her zu kommen, in dem Sie Nachweise wie die Teilnahme an Pr\u00fcfungen erbringen- auch wenn diese aus Ihrer Sicht vielleicht nicht immer positiv ausfallen m\u00f6gen.<\/p>\n<p>Nicht immer f\u00fchrt der z\u00fcchterische Einsatz bei der Auswahl der Verpaarung und bei der systematischen Pr\u00e4gung zum Erfolg.\u00a0Ein Hund wird zwar nicht zwingend dadurch \u201eschlechter\u201c, dass man keinen pr\u00e4mierten Suchensieger als Weggef\u00e4hrten hat, aber nur der offene Umgang miteinander und die kritische Reflektion dessen kann uns auf unserem Weg zu unserem idealtypischen Foxterrier unterst\u00fctzen.\u00a0 Auch wir haben im Laufe der Jahre erlernt, dass von uns selbst aufgezogene Hunde mit einer kleinen Schw\u00e4che durchaus ihre jagdlichen Qualit\u00e4ten unter Beweis stellen k\u00f6nnen, man sie aber eben nicht zur Zucht einsetzen muss.\u00a0So ehrlich und kritikf\u00e4hig sollte man jedoch sein!<\/p>\n<p>Wir empfehlen bereits fr\u00fchzeitig die Teilnahme an einem Hundef\u00fchrerlehrgang zur jagdlichen Ausbildung, bei dessen Auswahl wir auch gerne beratend zur Seite stehen. Sie finden bei uns auch immer ein offenes Ohr bei Fragen zur Entwicklung und Ausbildung Ihres neuen Gef\u00e4hrten- und bei eventuell auftauchenden Problemen stehen wir unterst\u00fctzend mit Rat und Tat zur Seite.<\/p>\n","protected":false},"excerpt":{"rendered":"<p>Terrier sind Jagdhunde, die eine neben einer k\u00f6rperlichen auch eine entsprechende geistige Auslastung ben\u00f6tigen.\u00a0Aus diesem Grund geben wir \u00fcblicherweise unsere Welpen nur an J\u00e4ger mit Jagdm\u00f6glichkeit ab, die auch bereit sind, den Hund auf jagdlichen Pr\u00fcfungen vorzustellen. F\u00fcr uns als Z\u00fcchter ist es immer von entscheidender Bedeutung zu wissen, wie sich unser Nachwuchs entwickelt hat. <a href=\"https:\/\/von-der-sangskath.de\/?page_id=63\" class=\"more-link\">...weiterlesen<span class=\"screen-reader-text\"> \"Philosophie\"<\/span><\/a><\/p>\n","protected":false},"author":1,"featured_media":0,"parent":0,"menu_order":0,"comment_status":"closed","ping_status":"closed","template":"","meta":[],"_links":{"self":[{"href":"https:\/\/von-der-sangskath.de\/index.php?rest_route=\/wp\/v2\/pages\/63"}],"collection":[{"href":"https:\/\/von-der-sangskath.de\/index.php?rest_route=\/wp\/v2\/pages"}],"about":[{"href":"https:\/\/von-der-sangskath.de\/index.php?rest_route=\/wp\/v2\/types\/page"}],"author":[{"embeddable":true,"href":"https:\/\/von-der-sangskath.de\/index.php?rest_route=\/wp\/v2\/users\/1"}],"replies":[{"embeddable":true,"href":"https:\/\/von-der-sangskath.de\/index.php?rest_route=%2Fwp%2Fv2%2Fcomments&post=63"}],"version-history":[{"count":3,"href":"https:\/\/von-der-sangskath.de\/index.php?rest_route=\/wp\/v2\/pages\/63\/revisions"}],"predecessor-version":[{"id":188,"href":"https:\/\/von-der-sangskath.de\/index.php?rest_route=\/wp\/v2\/pages\/63\/revisions\/188"}],"wp:attachment":[{"href":"https:\/\/von-der-sangskath.de\/index.php?rest_route=%2Fwp%2Fv2%2Fmedia&parent=63"}],"curies":[{"name":"wp","href":"https:\/\/api.w.org\/{rel}","templated":true}]}}