{"id":60,"date":"2018-04-15T13:01:32","date_gmt":"2018-04-15T13:01:32","guid":{"rendered":"http:\/\/von-der-sangskath.de\/?page_id=60"},"modified":"2021-01-12T19:06:23","modified_gmt":"2021-01-12T19:06:23","slug":"unsere-wuerfe","status":"publish","type":"page","link":"https:\/\/von-der-sangskath.de\/?page_id=60","title":{"rendered":"Unsere W\u00fcrfe"},"content":{"rendered":"<p>B-Wurf in Planung f\u00fcr Fr\u00fchjahr 2021<\/p>\n<p>Wir haben uns entschieden f\u00fcr<\/p>\n<p><strong>Eddy vom Bannwald<\/strong>\u00a0gew. 30.05.2018, JP, BP, BZP (Sieger 2019), spl, VStP, HN, FW:V, einen \u00e4u\u00dferst leistungsstarken R\u00fcden, der zur Dr\u00fcckjagd eingesetzt wird.<br \/>\n<span style=\"font-size: 1rem;\">Neben den jagdlichen Leistungen hat uns das angenehme, ruhige Wesen von Eddy \u00fcberzeugt.<\/span><\/p>\n<p><img decoding=\"async\" loading=\"lazy\" class=\"alignnone size-medium wp-image-227\" src=\"http:\/\/von-der-sangskath.de\/wp-content\/uploads\/2021\/01\/DAECC277-285B-473A-845A-91B0BF843031-300x200.jpeg\" alt=\"\" width=\"300\" height=\"200\" srcset=\"https:\/\/von-der-sangskath.de\/wp-content\/uploads\/2021\/01\/DAECC277-285B-473A-845A-91B0BF843031-300x200.jpeg 300w, https:\/\/von-der-sangskath.de\/wp-content\/uploads\/2021\/01\/DAECC277-285B-473A-845A-91B0BF843031-768x512.jpeg 768w, https:\/\/von-der-sangskath.de\/wp-content\/uploads\/2021\/01\/DAECC277-285B-473A-845A-91B0BF843031-1024x683.jpeg 1024w, https:\/\/von-der-sangskath.de\/wp-content\/uploads\/2021\/01\/DAECC277-285B-473A-845A-91B0BF843031-960x640.jpeg 960w, https:\/\/von-der-sangskath.de\/wp-content\/uploads\/2021\/01\/DAECC277-285B-473A-845A-91B0BF843031.jpeg 2048w\" sizes=\"(max-width: 300px) 100vw, 300px\" \/><img decoding=\"async\" loading=\"lazy\" class=\"alignnone size-medium wp-image-229\" src=\"http:\/\/von-der-sangskath.de\/wp-content\/uploads\/2021\/01\/9B681E2D-1890-46F1-9E61-CC6A609A9F01-300x225.jpeg\" alt=\"\" width=\"300\" height=\"225\" srcset=\"https:\/\/von-der-sangskath.de\/wp-content\/uploads\/2021\/01\/9B681E2D-1890-46F1-9E61-CC6A609A9F01-300x225.jpeg 300w, https:\/\/von-der-sangskath.de\/wp-content\/uploads\/2021\/01\/9B681E2D-1890-46F1-9E61-CC6A609A9F01-768x576.jpeg 768w, https:\/\/von-der-sangskath.de\/wp-content\/uploads\/2021\/01\/9B681E2D-1890-46F1-9E61-CC6A609A9F01-1024x768.jpeg 1024w, https:\/\/von-der-sangskath.de\/wp-content\/uploads\/2021\/01\/9B681E2D-1890-46F1-9E61-CC6A609A9F01-960x720.jpeg 960w, https:\/\/von-der-sangskath.de\/wp-content\/uploads\/2021\/01\/9B681E2D-1890-46F1-9E61-CC6A609A9F01.jpeg 1600w\" sizes=\"(max-width: 300px) 100vw, 300px\" \/><img decoding=\"async\" loading=\"lazy\" class=\"alignnone size-medium wp-image-228\" src=\"http:\/\/von-der-sangskath.de\/wp-content\/uploads\/2021\/01\/AE9E1640-46E8-4C40-AA4D-65B7F0E3984E-225x300.jpeg\" alt=\"\" width=\"225\" height=\"300\" srcset=\"https:\/\/von-der-sangskath.de\/wp-content\/uploads\/2021\/01\/AE9E1640-46E8-4C40-AA4D-65B7F0E3984E-225x300.jpeg 225w, https:\/\/von-der-sangskath.de\/wp-content\/uploads\/2021\/01\/AE9E1640-46E8-4C40-AA4D-65B7F0E3984E-768x1024.jpeg 768w, https:\/\/von-der-sangskath.de\/wp-content\/uploads\/2021\/01\/AE9E1640-46E8-4C40-AA4D-65B7F0E3984E-960x1280.jpeg 960w, https:\/\/von-der-sangskath.de\/wp-content\/uploads\/2021\/01\/AE9E1640-46E8-4C40-AA4D-65B7F0E3984E.jpeg 1536w\" sizes=\"(max-width: 225px) 100vw, 225px\" \/><\/p>\n<p>Wir versprechen uns mit einem R\u00fcden \u201evom Bannwald\u201c erneut leistungsstarke, wesensfeste Welpen.<\/p>\n","protected":false},"excerpt":{"rendered":"<p>B-Wurf in Planung f\u00fcr Fr\u00fchjahr 2021 Wir haben uns entschieden f\u00fcr Eddy vom Bannwald\u00a0gew. 30.05.2018, JP, BP, BZP (Sieger 2019), spl, VStP, HN, FW:V, einen \u00e4u\u00dferst leistungsstarken R\u00fcden, der zur Dr\u00fcckjagd eingesetzt wird. Neben den jagdlichen Leistungen hat uns das angenehme, ruhige Wesen von Eddy \u00fcberzeugt. Wir versprechen uns mit einem R\u00fcden \u201evom Bannwald\u201c erneut <a href=\"https:\/\/von-der-sangskath.de\/?page_id=60\" class=\"more-link\">...weiterlesen<span class=\"screen-reader-text\"> \"Unsere W\u00fcrfe\"<\/span><\/a><\/p>\n","protected":false},"author":1,"featured_media":0,"parent":0,"menu_order":0,"comment_status":"closed","ping_status":"closed","template":"","meta":[],"_links":{"self":[{"href":"https:\/\/von-der-sangskath.de\/index.php?rest_route=\/wp\/v2\/pages\/60"}],"collection":[{"href":"https:\/\/von-der-sangskath.de\/index.php?rest_route=\/wp\/v2\/pages"}],"about":[{"href":"https:\/\/von-der-sangskath.de\/index.php?rest_route=\/wp\/v2\/types\/page"}],"author":[{"embeddable":true,"href":"https:\/\/von-der-sangskath.de\/index.php?rest_route=\/wp\/v2\/users\/1"}],"replies":[{"embeddable":true,"href":"https:\/\/von-der-sangskath.de\/index.php?rest_route=%2Fwp%2Fv2%2Fcomments&post=60"}],"version-history":[{"count":8,"href":"https:\/\/von-der-sangskath.de\/index.php?rest_route=\/wp\/v2\/pages\/60\/revisions"}],"predecessor-version":[{"id":237,"href":"https:\/\/von-der-sangskath.de\/index.php?rest_route=\/wp\/v2\/pages\/60\/revisions\/237"}],"wp:attachment":[{"href":"https:\/\/von-der-sangskath.de\/index.php?rest_route=%2Fwp%2Fv2%2Fmedia&parent=60"}],"curies":[{"name":"wp","href":"https:\/\/api.w.org\/{rel}","templated":true}]}}