{"id":59,"date":"2018-04-15T13:01:32","date_gmt":"2018-04-15T13:01:32","guid":{"rendered":"http:\/\/von-der-sangskath.de\/?page_id=59"},"modified":"2018-04-19T19:23:50","modified_gmt":"2018-04-19T19:23:50","slug":"unsere-huendin","status":"publish","type":"page","link":"https:\/\/von-der-sangskath.de\/?page_id=59","title":{"rendered":"Unsere H\u00fcndin"},"content":{"rendered":"<p><strong>Diddi von der Kaninsteege<\/strong> \u201eLutzie\u201c, gew. 05.03.2015<\/p>\n<p>aus Yara vom Brombachsee<br \/>\nnach Cuno von der Kaninsteege<\/p>\n<p>JP 120P\/I, spl<br \/>\nBP 100\/I (SH 36, BU 47)<br \/>\nBP \u00a77 NRW<br \/>\nEF<br \/>\nED<br \/>\nZZL 18.06.2016 SH 37,5 FW: sg<\/p>\n<p>Lutzie hat sich absolut nach unseren Vorstellungen entwickelt- sie ist \u00e4u\u00dferst f\u00fchrig, ausgeglichenen im Wesen und sozialvertr\u00e4glich mit Mensch und Tier.<br \/>\nBei der Bauarbeit ist sie ein Garant. Lutzie schlieft nur dann ein, wenn wirklich etwas im Bau, ganz gleich ob Kunst- oder Natur,\u00a0 ist. Sie bedr\u00e4ngt mit ihrem unverkennbar hellen Laut,\u00a0 ist dabei eher der \u201eFlieger-Typ\u201c.<br \/>\nIhre absolute Ruhe macht sie auch f\u00fcr den Einsatz auf Schwei\u00df sehr verl\u00e4sslich.<br \/>\nAuch bei unseren Treibjagden setzen wir sie in dornenreichem Gebiet zum St\u00f6bern ein. Sie arbeitet dabei selbstst\u00e4ndig, h\u00e4lt aber immer F\u00fchrerkontakt.<\/p>\n<p>&nbsp;<\/p>\n<div id='gallery-1' class='gallery galleryid-59 gallery-columns-3 gallery-size-thumbnail'><figure class='gallery-item'>\n\t\t\t<div class='gallery-icon landscape'>\n\t\t\t\t<a href='https:\/\/von-der-sangskath.de\/?attachment_id=147'><img width=\"150\" height=\"150\" src=\"https:\/\/von-der-sangskath.de\/wp-content\/uploads\/2018\/04\/Ahnentafel-Diddi-von-der-Kaninsteege-1-150x150.jpg\" class=\"attachment-thumbnail size-thumbnail\" alt=\"\" decoding=\"async\" loading=\"lazy\" aria-describedby=\"gallery-1-147\" \/><\/a>\n\t\t\t<\/div>\n\t\t\t\t<figcaption class='wp-caption-text gallery-caption' id='gallery-1-147'>\n\t\t\t\tAhnentafel 1\n\t\t\t\t<\/figcaption><\/figure><figure class='gallery-item'>\n\t\t\t<div class='gallery-icon landscape'>\n\t\t\t\t<a href='https:\/\/von-der-sangskath.de\/?attachment_id=148'><img width=\"150\" height=\"150\" src=\"https:\/\/von-der-sangskath.de\/wp-content\/uploads\/2018\/04\/Ahnentafel-Diddi-von-der-Kaninsteege-2-1-150x150.jpg\" class=\"attachment-thumbnail size-thumbnail\" alt=\"\" decoding=\"async\" loading=\"lazy\" aria-describedby=\"gallery-1-148\" \/><\/a>\n\t\t\t<\/div>\n\t\t\t\t<figcaption class='wp-caption-text gallery-caption' id='gallery-1-148'>\n\t\t\t\tAhnentafel2\n\t\t\t\t<\/figcaption><\/figure><figure class='gallery-item'>\n\t\t\t<div class='gallery-icon portrait'>\n\t\t\t\t<a href='https:\/\/von-der-sangskath.de\/?attachment_id=150'><img width=\"150\" height=\"150\" src=\"https:\/\/von-der-sangskath.de\/wp-content\/uploads\/2018\/04\/BauPr\u00fcfung-02.04-150x150.jpg\" class=\"attachment-thumbnail size-thumbnail\" alt=\"\" decoding=\"async\" loading=\"lazy\" aria-describedby=\"gallery-1-150\" \/><\/a>\n\t\t\t<\/div>\n\t\t\t\t<figcaption class='wp-caption-text gallery-caption' id='gallery-1-150'>\n\t\t\t\tBaupr\u00fcfung\n\t\t\t\t<\/figcaption><\/figure><figure class='gallery-item'>\n\t\t\t<div class='gallery-icon portrait'>\n\t\t\t\t<a href='https:\/\/von-der-sangskath.de\/?attachment_id=151'><img width=\"150\" height=\"150\" src=\"https:\/\/von-der-sangskath.de\/wp-content\/uploads\/2018\/04\/JP-10.04-150x150.jpg\" class=\"attachment-thumbnail size-thumbnail\" alt=\"\" decoding=\"async\" loading=\"lazy\" aria-describedby=\"gallery-1-151\" \/><\/a>\n\t\t\t<\/div>\n\t\t\t\t<figcaption class='wp-caption-text gallery-caption' id='gallery-1-151'>\n\t\t\t\tJP\n\t\t\t\t<\/figcaption><\/figure><figure class='gallery-item'>\n\t\t\t<div class='gallery-icon portrait'>\n\t\t\t\t<a href='https:\/\/von-der-sangskath.de\/?attachment_id=197'><img width=\"150\" height=\"150\" src=\"https:\/\/von-der-sangskath.de\/wp-content\/uploads\/2018\/04\/BP-\u00a77-NRW-Nachsuche-auf-Schalenwild-03.09.2016-150x150.jpg\" class=\"attachment-thumbnail size-thumbnail\" alt=\"\" decoding=\"async\" loading=\"lazy\" aria-describedby=\"gallery-1-197\" \/><\/a>\n\t\t\t<\/div>\n\t\t\t\t<figcaption class='wp-caption-text gallery-caption' id='gallery-1-197'>\n\t\t\t\tBP \u00a77 NRW\n\t\t\t\t<\/figcaption><\/figure><figure class='gallery-item'>\n\t\t\t<div class='gallery-icon portrait'>\n\t\t\t\t<a href='https:\/\/von-der-sangskath.de\/?attachment_id=152'><img width=\"150\" height=\"150\" src=\"https:\/\/von-der-sangskath.de\/wp-content\/uploads\/2018\/04\/Richterbericht-18.06-150x150.jpg\" class=\"attachment-thumbnail size-thumbnail\" alt=\"\" decoding=\"async\" loading=\"lazy\" aria-describedby=\"gallery-1-152\" \/><\/a>\n\t\t\t<\/div>\n\t\t\t\t<figcaption class='wp-caption-text gallery-caption' id='gallery-1-152'>\n\t\t\t\tRichterbericht\n\t\t\t\t<\/figcaption><\/figure><figure class='gallery-item'>\n\t\t\t<div class='gallery-icon portrait'>\n\t\t\t\t<a href='https:\/\/von-der-sangskath.de\/?attachment_id=153'><img width=\"150\" height=\"150\" src=\"https:\/\/von-der-sangskath.de\/wp-content\/uploads\/2018\/04\/ZZL-18.06-150x150.jpg\" class=\"attachment-thumbnail size-thumbnail\" alt=\"\" decoding=\"async\" loading=\"lazy\" aria-describedby=\"gallery-1-153\" \/><\/a>\n\t\t\t<\/div>\n\t\t\t\t<figcaption class='wp-caption-text gallery-caption' id='gallery-1-153'>\n\t\t\t\tZZL\n\t\t\t\t<\/figcaption><\/figure>\n\t\t<\/div>\n\n","protected":false},"excerpt":{"rendered":"<p>Diddi von der Kaninsteege \u201eLutzie\u201c, gew. 05.03.2015 aus Yara vom Brombachsee nach Cuno von der Kaninsteege JP 120P\/I, spl BP 100\/I (SH 36, BU 47) BP \u00a77 NRW EF ED ZZL 18.06.2016 SH 37,5 FW: sg Lutzie hat sich absolut nach unseren Vorstellungen entwickelt- sie ist \u00e4u\u00dferst f\u00fchrig, ausgeglichenen im Wesen und sozialvertr\u00e4glich mit Mensch <a href=\"https:\/\/von-der-sangskath.de\/?page_id=59\" class=\"more-link\">...weiterlesen<span class=\"screen-reader-text\"> \"Unsere H\u00fcndin\"<\/span><\/a><\/p>\n","protected":false},"author":1,"featured_media":0,"parent":0,"menu_order":0,"comment_status":"closed","ping_status":"closed","template":"","meta":[],"_links":{"self":[{"href":"https:\/\/von-der-sangskath.de\/index.php?rest_route=\/wp\/v2\/pages\/59"}],"collection":[{"href":"https:\/\/von-der-sangskath.de\/index.php?rest_route=\/wp\/v2\/pages"}],"about":[{"href":"https:\/\/von-der-sangskath.de\/index.php?rest_route=\/wp\/v2\/types\/page"}],"author":[{"embeddable":true,"href":"https:\/\/von-der-sangskath.de\/index.php?rest_route=\/wp\/v2\/users\/1"}],"replies":[{"embeddable":true,"href":"https:\/\/von-der-sangskath.de\/index.php?rest_route=%2Fwp%2Fv2%2Fcomments&post=59"}],"version-history":[{"count":16,"href":"https:\/\/von-der-sangskath.de\/index.php?rest_route=\/wp\/v2\/pages\/59\/revisions"}],"predecessor-version":[{"id":201,"href":"https:\/\/von-der-sangskath.de\/index.php?rest_route=\/wp\/v2\/pages\/59\/revisions\/201"}],"wp:attachment":[{"href":"https:\/\/von-der-sangskath.de\/index.php?rest_route=%2Fwp%2Fv2%2Fmedia&parent=59"}],"curies":[{"name":"wp","href":"https:\/\/api.w.org\/{rel}","templated":true}]}}