{"id":11,"date":"2018-04-13T15:29:05","date_gmt":"2018-04-13T15:29:05","guid":{"rendered":"http:\/\/von-der-sangskath.de\/?page_id=11"},"modified":"2018-05-31T10:56:51","modified_gmt":"2018-05-31T10:56:51","slug":"unser-zwinger","status":"publish","type":"page","link":"https:\/\/von-der-sangskath.de\/?page_id=11","title":{"rendered":"Unser Zwinger"},"content":{"rendered":"<p><span style=\"font-size: 1rem;\">Unser Zwinger \u201evon der Sangskath\u201c wurde 2018 beim Deutschen Foxterrier Verband (DFV) angemeldet. Unsere Welpen sind nach den Bestimmungen des DFV gez\u00fcchtet, d.h. neben der Einhaltung der Zuchtbestimmungen sind die Welpen bei Abgabe selbstverst\u00e4ndlich geimpft, mehrfach entwurmt und erhalten eine Ahnentafel des DFV.<\/span><\/p>\n<p>Da unsere Anspr\u00fcche an einen Zuchthund sehr hoch sind und die Jagd im Mittelpunkt unseres Interesses steht, f\u00e4llt nur bei entsprechenden Leistungen, nach selektiver Auslese und im Abstand von wenigen Jahren ein Wurf. Neben Pr\u00fcfungsergebnissen sind f\u00fcr uns jagdliche Qualit\u00e4ten, soziale Vertr\u00e4glichkeit und ein ausgeglichenes Wesen von entscheidender Bedeutung- und zwar bei unserer Zuchth\u00fcndin wie auch bei den eingesetzten Deckr\u00fcden.<\/p>\n<p><strong>Warum dieser Zwingername?<br \/>\n<\/strong>Wie viele andere Z\u00fcchter haben auch wir lange \u00fcberlegt, wie unsere Heimat in den Namen der sp\u00e4teren Welpen einflie\u00dfen kann und einzigartig ist.<br \/>\nWas liegt da n\u00e4her, als den Namen unseres Hauses \u201eSangskath\u201c zu nehmen!<\/p>\n<p>Es handelt sich bei einer Kate (auch Kotten) um die fr\u00fchere Bezeichnung eines einzelnen Wohnhauses abseits eines Dorfes. Katen sind zumeist einst\u00f6ckig, der Giebelraum wurde als Stroh- und Nahrungsmittellager genutzt.\u00a0Tiere wurden unter der Niederung einer verl\u00e4ngerten Dachseite untergebracht.<\/p>\n<p>Unsere Sangskath liegt in Alleinlage im Au\u00dfenbezirk der Gemeinde Sonsbeck. Sonsbeck liegt am unteren Niederrhein an der Westgrenze des Kreises Wesel, angrenzend zum Kreis Kleve. Nach aufw\u00e4ndiger Sanierung wohnen wir seit 2012 hier sehr idyllisch gelegen. In unmittelbarer N\u00e4he befindet sich das durch Ferdi van Stephaudt betreute Niederwildrevier.<\/p>\n<p><strong>Wer sind wir?<br \/>\n<\/strong>Ferdi van Stephaudt, von Kindesbeinen an mit der Jagd aufgewachsen.<br \/>\nAusbildung zum Revierj\u00e4ger, Pr\u00fcfung zum Revierjagdmeister und seit 2006 als Berufsj\u00e4ger verantwortlich f\u00fcr ein ca. 2500 ha gro\u00dfes Niederwildrevier am Niederrhein.<\/p>\n<p style=\"text-align: left;\">Melanie Kemmerling<strong>,<\/strong> Hundef\u00fchrerin, J\u00e4gerin und seit 2008 bereits Verbandsrichterin des JGHV. In Z\u00fcchtergemeinschaft hat sie unter dem\u00a0 Zwingernamen \u201e<a href=\"http:\/\/www.weimaraner-vom-muehlenhof.de\/\" target=\"_blank\" rel=\"noopener\">vom M\u00fchlenhof<\/a>\u201c bereits mehrere W\u00fcrfe Weimaraner gro\u00dfgezogen.<\/p>\n<p style=\"text-align: left;\"><strong>Wieso ein Fox?<br \/>\n<\/strong>Unser Rudel besteht seit jeher aus Vorstehhunden unterschiedlichster Rassen- damit waren wir f\u00fcr fast alle im Revier anfallenden Arbeiten gut ger\u00fcstet.<br \/>\nAber eben nur FAST! Es fehlte n\u00e4mlich ein Hund, der im Rahmen der Niederwildhege die Raubwildregulierung unterst\u00fctzt. Nachdem s\u00e4mtliche Vor- und Nachteile der verschiedensten Erdhundrassen f\u00fcr die Auswahl eines geeigneten\u00a0Bauhundes abgewogen wurden, hatte eine liebe Bekannte den entscheidenden Tipp \u00fcber einen damals aktuell liegenden Wurf\u00a0Glatthaar-Foxterrier-Welpen\u00a0\u201evon der Kaninsteege\u201c.\u00a0 Der Vater der Welpen war ihr von Bau- und Dr\u00fcckjagd mehr als gut bekannt.<\/p>\n<p style=\"text-align: left;\">Unserer Skepsis auf viele kleine, extrem \u00fcberdrehte Terrier, die man auf vielen Jagden und Pr\u00fcfungen erlebt hatte, \u00a0zu treffen zum Trotz machten wir uns auf dem Weg ins angrenzende M\u00fcnsterland. Und dort wurden wir von der Mutter des Wurfes \u00e4u\u00dferst positiv \u00fcberrascht: ein ruhiges, ausgeglichenes, aufgeschlossenes Wesen- zugleich \u00e4u\u00dferst durchsetzungsstark bei den Welpen. Nachdem wir den Z\u00fcchter \u00fcberzeugen konnten, uns eine H\u00fcndin zu \u00fcberlassen, deren tatkr\u00e4ftige Unterst\u00fctzung wir brauchten, war es dann fast schon so weit.<\/p>\n<p style=\"text-align: left;\">Wenige Wochen sp\u00e4ter zog Lutzie (\u201eDiddi von der Kaninsteege\u201c) bei uns ein.\u00a0In das damalige Rudel mit drei Vorstehern integrierte sie sich in Windeseile.\u00a0Nie wurde eine Rangordnung in Frage gestellt, nie gab es Stress im Rudel, dass wir sehr wohl aus fr\u00fcheren Zeiten mit unserer Deutsch Drahthaar-H\u00fcndin kannten. Lutzie war ein absoluter Gl\u00fccksgriff und machte uns auch die Ausbildung \u00e4u\u00dferst leicht. Ihre Anlagen waren bestens ausgepr\u00e4gt, so dass wir auf BP und JP jeweils die volle Punktzahl einheimsen konnten.\u00a0 Und auch den Gehorsam hatten wir uns bei einem Terrier weitaus komplizierter vorgestellt.<\/p>\n<p style=\"text-align: left;\">Aktuell besteht unser Rudel aus Weimaraner \u201eGreeta\u201c, Deutsch Kurzhaar \u201eEmma\u201c und Glatthaar-Foxterrier \u201eLutzie\u201c. Wir stehen in Vorbereitungen auf Pr\u00fcfungen und sp\u00e4tere Jagdaus\u00fcbung Hundef\u00fchrern unterst\u00fctzend zur Seite.<\/p>\n<p><img decoding=\"async\" loading=\"lazy\" class=\"aligncenter wp-image-195 size-large\" src=\"https:\/\/von-der-sangskath.dewp-content\/uploads\/2018\/04\/Haus-Kopie-1024x542.jpg\" alt=\"\" width=\"625\" height=\"331\" srcset=\"https:\/\/von-der-sangskath.de\/wp-content\/uploads\/2018\/04\/Haus-Kopie-1024x542.jpg 1024w, https:\/\/von-der-sangskath.de\/wp-content\/uploads\/2018\/04\/Haus-Kopie-300x159.jpg 300w, https:\/\/von-der-sangskath.de\/wp-content\/uploads\/2018\/04\/Haus-Kopie-768x407.jpg 768w, https:\/\/von-der-sangskath.de\/wp-content\/uploads\/2018\/04\/Haus-Kopie-960x509.jpg 960w\" sizes=\"(max-width: 625px) 100vw, 625px\" \/><\/p>\n<p><strong>\u00a0<\/strong><\/p>\n","protected":false},"excerpt":{"rendered":"<p>Unser Zwinger \u201evon der Sangskath\u201c wurde 2018 beim Deutschen Foxterrier Verband (DFV) angemeldet. Unsere Welpen sind nach den Bestimmungen des DFV gez\u00fcchtet, d.h. neben der Einhaltung der Zuchtbestimmungen sind die Welpen bei Abgabe selbstverst\u00e4ndlich geimpft, mehrfach entwurmt und erhalten eine Ahnentafel des DFV. Da unsere Anspr\u00fcche an einen Zuchthund sehr hoch sind und die Jagd <a href=\"https:\/\/von-der-sangskath.de\/?page_id=11\" class=\"more-link\">...weiterlesen<span class=\"screen-reader-text\"> \"Unser Zwinger\"<\/span><\/a><\/p>\n","protected":false},"author":1,"featured_media":0,"parent":0,"menu_order":0,"comment_status":"closed","ping_status":"closed","template":"","meta":[],"_links":{"self":[{"href":"https:\/\/von-der-sangskath.de\/index.php?rest_route=\/wp\/v2\/pages\/11"}],"collection":[{"href":"https:\/\/von-der-sangskath.de\/index.php?rest_route=\/wp\/v2\/pages"}],"about":[{"href":"https:\/\/von-der-sangskath.de\/index.php?rest_route=\/wp\/v2\/types\/page"}],"author":[{"embeddable":true,"href":"https:\/\/von-der-sangskath.de\/index.php?rest_route=\/wp\/v2\/users\/1"}],"replies":[{"embeddable":true,"href":"https:\/\/von-der-sangskath.de\/index.php?rest_route=%2Fwp%2Fv2%2Fcomments&post=11"}],"version-history":[{"count":9,"href":"https:\/\/von-der-sangskath.de\/index.php?rest_route=\/wp\/v2\/pages\/11\/revisions"}],"predecessor-version":[{"id":207,"href":"https:\/\/von-der-sangskath.de\/index.php?rest_route=\/wp\/v2\/pages\/11\/revisions\/207"}],"wp:attachment":[{"href":"https:\/\/von-der-sangskath.de\/index.php?rest_route=%2Fwp%2Fv2%2Fmedia&parent=11"}],"curies":[{"name":"wp","href":"https:\/\/api.w.org\/{rel}","templated":true}]}}